{"id":751,"date":"2025-04-13T13:45:43","date_gmt":"2025-04-13T13:45:43","guid":{"rendered":"https:\/\/beach-chillers.fr\/wordpress\/?page_id=751"},"modified":"2025-05-07T09:09:40","modified_gmt":"2025-05-07T09:09:40","slug":"mentions-legales","status":"publish","type":"page","link":"https:\/\/beach-chillers.fr\/wordpress\/?page_id=751","title":{"rendered":"Mentions l\u00e9gales"},"content":{"rendered":"<style>.kb-row-layout-id751_94c5c3-3b > .kt-row-column-wrap{align-content:start;}:where(.kb-row-layout-id751_94c5c3-3b > .kt-row-column-wrap) > .wp-block-kadence-column{justify-content:start;}.kb-row-layout-id751_94c5c3-3b > .kt-row-column-wrap{column-gap:var(--global-kb-gap-md, 2rem);row-gap:var(--global-kb-gap-md, 2rem);padding-top:var(--global-kb-spacing-sm, 1.5rem);padding-bottom:var(--global-kb-spacing-sm, 1.5rem);}.kb-row-layout-id751_94c5c3-3b > .kt-row-column-wrap > div:not(.added-for-specificity){grid-column:initial;}.kb-row-layout-id751_94c5c3-3b > .kt-row-column-wrap{grid-template-columns:minmax(0, 1fr);}.kb-row-layout-id751_94c5c3-3b > .kt-row-layout-overlay{opacity:0.30;}@media all and (max-width: 1024px){.kb-row-layout-id751_94c5c3-3b > .kt-row-column-wrap > div:not(.added-for-specificity){grid-column:initial;}}@media all and (max-width: 1024px){.kb-row-layout-id751_94c5c3-3b > .kt-row-column-wrap{grid-template-columns:minmax(0, 1fr);}}@media all and (max-width: 767px){.kb-row-layout-id751_94c5c3-3b > .kt-row-column-wrap > div:not(.added-for-specificity){grid-column:initial;}.kb-row-layout-id751_94c5c3-3b > .kt-row-column-wrap{grid-template-columns:minmax(0, 1fr);}}<\/style><div class=\"kb-row-layout-wrap kb-row-layout-id751_94c5c3-3b alignnone wp-block-kadence-rowlayout\"><div class=\"kt-row-column-wrap kt-has-5-columns kt-row-layout-row kt-tab-layout-inherit kt-mobile-layout-row kt-row-valign-top\">\n<style>.kadence-column751_a1ce0d-b2 > .kt-inside-inner-col,.kadence-column751_a1ce0d-b2 > .kt-inside-inner-col:before{border-top-left-radius:0px;border-top-right-radius:0px;border-bottom-right-radius:0px;border-bottom-left-radius:0px;}.kadence-column751_a1ce0d-b2 > .kt-inside-inner-col{column-gap:var(--global-kb-gap-sm, 1rem);}.kadence-column751_a1ce0d-b2 > .kt-inside-inner-col{flex-direction:column;}.kadence-column751_a1ce0d-b2 > .kt-inside-inner-col > .aligncenter{width:100%;}.kadence-column751_a1ce0d-b2 > .kt-inside-inner-col:before{opacity:0.3;}.kadence-column751_a1ce0d-b2{position:relative;}@media all and (max-width: 1024px){.kadence-column751_a1ce0d-b2 > .kt-inside-inner-col{flex-direction:column;justify-content:center;}}@media all and (max-width: 767px){.kadence-column751_a1ce0d-b2 > .kt-inside-inner-col{flex-direction:column;justify-content:center;}}<\/style>\n<div class=\"wp-block-kadence-column kadence-column751_a1ce0d-b2\"><div class=\"kt-inside-inner-col\"><style>.wp-block-kadence-advancedheading.kt-adv-heading751_2a70a9-5b, .wp-block-kadence-advancedheading.kt-adv-heading751_2a70a9-5b[data-kb-block=\"kb-adv-heading751_2a70a9-5b\"]{font-style:normal;}.wp-block-kadence-advancedheading.kt-adv-heading751_2a70a9-5b mark.kt-highlight, .wp-block-kadence-advancedheading.kt-adv-heading751_2a70a9-5b[data-kb-block=\"kb-adv-heading751_2a70a9-5b\"] mark.kt-highlight{font-style:normal;color:#f76a0c;-webkit-box-decoration-break:clone;box-decoration-break:clone;padding-top:0px;padding-right:0px;padding-bottom:0px;padding-left:0px;}.wp-block-kadence-advancedheading.kt-adv-heading751_2a70a9-5b img.kb-inline-image, .wp-block-kadence-advancedheading.kt-adv-heading751_2a70a9-5b[data-kb-block=\"kb-adv-heading751_2a70a9-5b\"] img.kb-inline-image{width:150px;vertical-align:baseline;}<\/style>\n<h1 class=\"kt-adv-heading751_2a70a9-5b wp-block-kadence-advancedheading\" data-kb-block=\"kb-adv-heading751_2a70a9-5b\">Mentions l\u00e9gales<\/h1>\n<\/div><\/div>\n\n\n<style>.kadence-column751_219b03-0e > .kt-inside-inner-col,.kadence-column751_219b03-0e > .kt-inside-inner-col:before{border-top-left-radius:0px;border-top-right-radius:0px;border-bottom-right-radius:0px;border-bottom-left-radius:0px;}.kadence-column751_219b03-0e > .kt-inside-inner-col{column-gap:var(--global-kb-gap-sm, 1rem);}.kadence-column751_219b03-0e > .kt-inside-inner-col{flex-direction:column;}.kadence-column751_219b03-0e > .kt-inside-inner-col > .aligncenter{width:100%;}.kadence-column751_219b03-0e > .kt-inside-inner-col:before{opacity:0.3;}.kadence-column751_219b03-0e{position:relative;}@media all and (max-width: 1024px){.kadence-column751_219b03-0e > .kt-inside-inner-col{flex-direction:column;justify-content:center;}}@media all and (max-width: 767px){.kadence-column751_219b03-0e > .kt-inside-inner-col{flex-direction:column;justify-content:center;}}<\/style>\n<div class=\"wp-block-kadence-column kadence-column751_219b03-0e\"><div class=\"kt-inside-inner-col\"><style>.wp-block-kadence-advancedheading.kt-adv-heading751_0c6a45-16, .wp-block-kadence-advancedheading.kt-adv-heading751_0c6a45-16[data-kb-block=\"kb-adv-heading751_0c6a45-16\"]{font-style:normal;}.wp-block-kadence-advancedheading.kt-adv-heading751_0c6a45-16 mark.kt-highlight, .wp-block-kadence-advancedheading.kt-adv-heading751_0c6a45-16[data-kb-block=\"kb-adv-heading751_0c6a45-16\"] mark.kt-highlight{font-style:normal;color:#f76a0c;-webkit-box-decoration-break:clone;box-decoration-break:clone;padding-top:0px;padding-right:0px;padding-bottom:0px;padding-left:0px;}.wp-block-kadence-advancedheading.kt-adv-heading751_0c6a45-16 img.kb-inline-image, .wp-block-kadence-advancedheading.kt-adv-heading751_0c6a45-16[data-kb-block=\"kb-adv-heading751_0c6a45-16\"] img.kb-inline-image{width:150px;vertical-align:baseline;}<\/style>\n<h2 class=\"kt-adv-heading751_0c6a45-16 wp-block-kadence-advancedheading\" data-kb-block=\"kb-adv-heading751_0c6a45-16\">\u00ab Bordeaux Beach Chillers \u00bb<\/h2>\n\n\n<style>.wp-block-kadence-advancedheading.kt-adv-heading751_5c15fd-23, .wp-block-kadence-advancedheading.kt-adv-heading751_5c15fd-23[data-kb-block=\"kb-adv-heading751_5c15fd-23\"]{font-style:normal;}.wp-block-kadence-advancedheading.kt-adv-heading751_5c15fd-23 mark.kt-highlight, .wp-block-kadence-advancedheading.kt-adv-heading751_5c15fd-23[data-kb-block=\"kb-adv-heading751_5c15fd-23\"] mark.kt-highlight{font-style:normal;color:#f76a0c;-webkit-box-decoration-break:clone;box-decoration-break:clone;padding-top:0px;padding-right:0px;padding-bottom:0px;padding-left:0px;}.wp-block-kadence-advancedheading.kt-adv-heading751_5c15fd-23 img.kb-inline-image, .wp-block-kadence-advancedheading.kt-adv-heading751_5c15fd-23[data-kb-block=\"kb-adv-heading751_5c15fd-23\"] img.kb-inline-image{width:150px;vertical-align:baseline;}<\/style>\n<p class=\"kt-adv-heading751_5c15fd-23 wp-block-kadence-advancedheading\" data-kb-block=\"kb-adv-heading751_5c15fd-23\">Association \u00e0 but non lucratif<br>Club affili\u00e9 \u00e0 la F\u00e9d\u00e9ration Fran\u00e7aise de Volley Ball<br>Immatricul\u00e9e \u00e0 Bordeaux sous le n\u00b0 de SIRET 82194121800017<br><br>7, Cours le Rouzic 33000 BORDEAUX<br>+33 6 65 55 88 85<br><br>Notre adresse email :<\/p>\n\n\n<style>.wp-block-kadence-iconlist.kt-svg-icon-list-items751_37282a-14:not(.this-stops-third-party-issues){margin-top:0px;margin-bottom:0px;}.wp-block-kadence-iconlist.kt-svg-icon-list-items751_37282a-14 ul.kt-svg-icon-list:not(.this-prevents-issues):not(.this-stops-third-party-issues):not(.tijsloc){margin-top:0px;margin-right:0px;margin-bottom:var(--global-kb-spacing-sm, 1.5rem);margin-left:0px;}.wp-block-kadence-iconlist.kt-svg-icon-list-items751_37282a-14 ul.kt-svg-icon-list{grid-row-gap:5px;}.wp-block-kadence-iconlist.kt-svg-icon-list-items751_37282a-14 ul.kt-svg-icon-list .kt-svg-icon-list-item-wrap .kt-svg-icon-list-single{margin-right:10px;}.kt-svg-icon-list-items751_37282a-14 ul.kt-svg-icon-list .kt-svg-icon-list-level-0 .kt-svg-icon-list-single svg{font-size:20px;}<\/style>\n<div class=\"wp-block-kadence-iconlist kt-svg-icon-list-items kt-svg-icon-list-items751_37282a-14 kt-svg-icon-list-columns-1 alignnone\"><ul class=\"kt-svg-icon-list\"><style>.kt-svg-icon-list-item-751_1de924-bb .kt-svg-icon-list-text mark.kt-highlight{background-color:unset;font-style:normal;color:#f76a0c;-webkit-box-decoration-break:clone;box-decoration-break:clone;padding-top:0px;padding-right:0px;padding-bottom:0px;padding-left:0px;}<\/style>\n<li class=\"wp-block-kadence-listitem kt-svg-icon-list-item-wrap kt-svg-icon-list-item-751_1de924-bb\"><span class=\"kb-svg-icon-wrap kb-svg-icon-fas_volleyball-ball kt-svg-icon-list-single\"><svg viewBox=\"0 0 495 512\"  fill=\"currentColor\" xmlns=\"http:\/\/www.w3.org\/2000\/svg\"  aria-hidden=\"true\"><path d=\"M223.3 243.4c-.9-37-8.6-72.8-22.7-105.7-90.8 42.4-157.5 122.4-180.3 216.8 13.4 30.8 32.9 58.3 56.9 81.1 22.7-79.2 74.2-147.8 146.1-192.2zM186.4 109c-15-26.4-34.5-50.1-57.4-70.7C38 88.1-15.8 191.2 4 300.5c33.4-83.1 98.4-152 182.4-191.5zM374 274.1c8.6-99.8-27.3-197.5-97.5-264.4-14.7-1.7-51.6-5.5-98.9 8.5 57.3 59.3 91 138.2 93.5 222.7 32.5 17.7 67.3 29 102.9 33.2zm-124.7 9.5c-31.6 19.3-58.7 43.9-80.2 72.6 82 57.3 184.5 75.1 277.5 47.8 19.7-26.4 34.2-56.8 42.2-89.9-26.6 6.6-53.7 10.4-80.9 10.4-54.6-.1-108.9-14.1-158.6-40.9zM151 383.3c-15.2 26-25.7 54.4-32.1 84.2 37.6 23 81.7 36.5 129.1 36.5 61 0 116.7-22.1 159.9-58.6C295 461.5 204.6 420.6 151 383.3zM331.3 22.7c55.3 70.4 82.5 161.2 74.6 253.6 30.3.2 60.5-4.8 89.7-14.2 0-2 .3-4 .3-6 0-107.8-68.7-199.1-164.6-233.4z\"\/><\/svg><\/span><span class=\"kt-svg-icon-list-text\"><strong><a href=\"mailto:@bordeaux\">bordeaux.beach.chillers \u00ab\u00a0at\u00a0\u00bb gmail.com<\/a><\/strong><\/span><\/li>\n<\/ul><\/div>\n<\/div><\/div>\n\n\n<style>.kadence-column751_dd3c78-6f > .kt-inside-inner-col,.kadence-column751_dd3c78-6f > .kt-inside-inner-col:before{border-top-left-radius:0px;border-top-right-radius:0px;border-bottom-right-radius:0px;border-bottom-left-radius:0px;}.kadence-column751_dd3c78-6f > .kt-inside-inner-col{column-gap:var(--global-kb-gap-sm, 1rem);}.kadence-column751_dd3c78-6f > .kt-inside-inner-col{flex-direction:column;}.kadence-column751_dd3c78-6f > .kt-inside-inner-col > .aligncenter{width:100%;}.kadence-column751_dd3c78-6f > .kt-inside-inner-col:before{opacity:0.3;}.kadence-column751_dd3c78-6f{position:relative;}@media all and (max-width: 1024px){.kadence-column751_dd3c78-6f > .kt-inside-inner-col{flex-direction:column;justify-content:center;}}@media all and (max-width: 767px){.kadence-column751_dd3c78-6f > .kt-inside-inner-col{flex-direction:column;justify-content:center;}}<\/style>\n<div class=\"wp-block-kadence-column kadence-column751_dd3c78-6f\"><div class=\"kt-inside-inner-col\"><style>.wp-block-kadence-advancedheading.kt-adv-heading751_baa587-a4, .wp-block-kadence-advancedheading.kt-adv-heading751_baa587-a4[data-kb-block=\"kb-adv-heading751_baa587-a4\"]{font-style:normal;}.wp-block-kadence-advancedheading.kt-adv-heading751_baa587-a4 mark.kt-highlight, .wp-block-kadence-advancedheading.kt-adv-heading751_baa587-a4[data-kb-block=\"kb-adv-heading751_baa587-a4\"] mark.kt-highlight{font-style:normal;color:#f76a0c;-webkit-box-decoration-break:clone;box-decoration-break:clone;padding-top:0px;padding-right:0px;padding-bottom:0px;padding-left:0px;}.wp-block-kadence-advancedheading.kt-adv-heading751_baa587-a4 img.kb-inline-image, .wp-block-kadence-advancedheading.kt-adv-heading751_baa587-a4[data-kb-block=\"kb-adv-heading751_baa587-a4\"] img.kb-inline-image{width:150px;vertical-align:baseline;}<\/style>\n<h2 class=\"kt-adv-heading751_baa587-a4 wp-block-kadence-advancedheading\" data-kb-block=\"kb-adv-heading751_baa587-a4\">Cr\u00e9dits<\/h2>\n\n\n<style>.wp-block-kadence-advancedheading.kt-adv-heading751_9c138e-43, .wp-block-kadence-advancedheading.kt-adv-heading751_9c138e-43[data-kb-block=\"kb-adv-heading751_9c138e-43\"]{font-style:normal;}.wp-block-kadence-advancedheading.kt-adv-heading751_9c138e-43 mark.kt-highlight, .wp-block-kadence-advancedheading.kt-adv-heading751_9c138e-43[data-kb-block=\"kb-adv-heading751_9c138e-43\"] mark.kt-highlight{font-style:normal;color:#f76a0c;-webkit-box-decoration-break:clone;box-decoration-break:clone;padding-top:0px;padding-right:0px;padding-bottom:0px;padding-left:0px;}.wp-block-kadence-advancedheading.kt-adv-heading751_9c138e-43 img.kb-inline-image, .wp-block-kadence-advancedheading.kt-adv-heading751_9c138e-43[data-kb-block=\"kb-adv-heading751_9c138e-43\"] img.kb-inline-image{width:150px;vertical-align:baseline;}<\/style>\n<p class=\"kt-adv-heading751_9c138e-43 wp-block-kadence-advancedheading\" data-kb-block=\"kb-adv-heading751_9c138e-43\">Photos: Merci \u00e0&nbsp;<strong>Karim L\u00e9vy<\/strong>&nbsp;et&nbsp;<strong>A.M.S.<\/strong><\/p>\n<\/div><\/div>\n\n\n<style>.kadence-column751_c55a0d-a4 > .kt-inside-inner-col,.kadence-column751_c55a0d-a4 > .kt-inside-inner-col:before{border-top-left-radius:0px;border-top-right-radius:0px;border-bottom-right-radius:0px;border-bottom-left-radius:0px;}.kadence-column751_c55a0d-a4 > .kt-inside-inner-col{column-gap:var(--global-kb-gap-sm, 1rem);}.kadence-column751_c55a0d-a4 > .kt-inside-inner-col{flex-direction:column;}.kadence-column751_c55a0d-a4 > .kt-inside-inner-col > .aligncenter{width:100%;}.kadence-column751_c55a0d-a4 > .kt-inside-inner-col:before{opacity:0.3;}.kadence-column751_c55a0d-a4{position:relative;}@media all and (max-width: 1024px){.kadence-column751_c55a0d-a4 > .kt-inside-inner-col{flex-direction:column;justify-content:center;}}@media all and (max-width: 767px){.kadence-column751_c55a0d-a4 > .kt-inside-inner-col{flex-direction:column;justify-content:center;}}<\/style>\n<div class=\"wp-block-kadence-column kadence-column751_c55a0d-a4\"><div class=\"kt-inside-inner-col\"><style>.wp-block-kadence-advancedheading.kt-adv-heading751_32f0ab-ff, .wp-block-kadence-advancedheading.kt-adv-heading751_32f0ab-ff[data-kb-block=\"kb-adv-heading751_32f0ab-ff\"]{font-style:normal;}.wp-block-kadence-advancedheading.kt-adv-heading751_32f0ab-ff mark.kt-highlight, .wp-block-kadence-advancedheading.kt-adv-heading751_32f0ab-ff[data-kb-block=\"kb-adv-heading751_32f0ab-ff\"] mark.kt-highlight{font-style:normal;color:#f76a0c;-webkit-box-decoration-break:clone;box-decoration-break:clone;padding-top:0px;padding-right:0px;padding-bottom:0px;padding-left:0px;}.wp-block-kadence-advancedheading.kt-adv-heading751_32f0ab-ff img.kb-inline-image, .wp-block-kadence-advancedheading.kt-adv-heading751_32f0ab-ff[data-kb-block=\"kb-adv-heading751_32f0ab-ff\"] img.kb-inline-image{width:150px;vertical-align:baseline;}<\/style>\n<h2 class=\"kt-adv-heading751_32f0ab-ff wp-block-kadence-advancedheading\" data-kb-block=\"kb-adv-heading751_32f0ab-ff\">H\u00e9bergement<\/h2>\n\n\n<style>.wp-block-kadence-advancedheading.kt-adv-heading751_64e030-96, .wp-block-kadence-advancedheading.kt-adv-heading751_64e030-96[data-kb-block=\"kb-adv-heading751_64e030-96\"]{font-style:normal;}.wp-block-kadence-advancedheading.kt-adv-heading751_64e030-96 mark.kt-highlight, .wp-block-kadence-advancedheading.kt-adv-heading751_64e030-96[data-kb-block=\"kb-adv-heading751_64e030-96\"] mark.kt-highlight{font-style:normal;color:#f76a0c;-webkit-box-decoration-break:clone;box-decoration-break:clone;padding-top:0px;padding-right:0px;padding-bottom:0px;padding-left:0px;}.wp-block-kadence-advancedheading.kt-adv-heading751_64e030-96 img.kb-inline-image, .wp-block-kadence-advancedheading.kt-adv-heading751_64e030-96[data-kb-block=\"kb-adv-heading751_64e030-96\"] img.kb-inline-image{width:150px;vertical-align:baseline;}<\/style>\n<p class=\"kt-adv-heading751_64e030-96 wp-block-kadence-advancedheading\" data-kb-block=\"kb-adv-heading751_64e030-96\">Site internet h\u00e9berg\u00e9 en France par OVH :<br>2 rue Kellermann, 59100 Roubaix, France<br>+33 9 72 10 10 07<\/p>\n<\/div><\/div>\n\n\n<style>.kadence-column751_c65309-f9 > .kt-inside-inner-col,.kadence-column751_c65309-f9 > .kt-inside-inner-col:before{border-top-left-radius:0px;border-top-right-radius:0px;border-bottom-right-radius:0px;border-bottom-left-radius:0px;}.kadence-column751_c65309-f9 > .kt-inside-inner-col{column-gap:var(--global-kb-gap-sm, 1rem);}.kadence-column751_c65309-f9 > .kt-inside-inner-col{flex-direction:column;}.kadence-column751_c65309-f9 > .kt-inside-inner-col > .aligncenter{width:100%;}.kadence-column751_c65309-f9 > .kt-inside-inner-col:before{opacity:0.3;}.kadence-column751_c65309-f9{position:relative;}@media all and (max-width: 1024px){.kadence-column751_c65309-f9 > .kt-inside-inner-col{flex-direction:column;justify-content:center;}}@media all and (max-width: 767px){.kadence-column751_c65309-f9 > .kt-inside-inner-col{flex-direction:column;justify-content:center;}}<\/style>\n<div class=\"wp-block-kadence-column kadence-column751_c65309-f9\"><div class=\"kt-inside-inner-col\"><style>.wp-block-kadence-advancedheading.kt-adv-heading751_a16505-1d, .wp-block-kadence-advancedheading.kt-adv-heading751_a16505-1d[data-kb-block=\"kb-adv-heading751_a16505-1d\"]{font-style:normal;}.wp-block-kadence-advancedheading.kt-adv-heading751_a16505-1d mark.kt-highlight, .wp-block-kadence-advancedheading.kt-adv-heading751_a16505-1d[data-kb-block=\"kb-adv-heading751_a16505-1d\"] mark.kt-highlight{font-style:normal;color:#f76a0c;-webkit-box-decoration-break:clone;box-decoration-break:clone;padding-top:0px;padding-right:0px;padding-bottom:0px;padding-left:0px;}.wp-block-kadence-advancedheading.kt-adv-heading751_a16505-1d img.kb-inline-image, .wp-block-kadence-advancedheading.kt-adv-heading751_a16505-1d[data-kb-block=\"kb-adv-heading751_a16505-1d\"] img.kb-inline-image{width:150px;vertical-align:baseline;}<\/style>\n<h2 class=\"kt-adv-heading751_a16505-1d wp-block-kadence-advancedheading\" data-kb-block=\"kb-adv-heading751_a16505-1d\">Vos donn\u00e9es personnelles<\/h2>\n\n\n<style>.wp-block-kadence-advancedheading.kt-adv-heading751_eef0f1-1f, .wp-block-kadence-advancedheading.kt-adv-heading751_eef0f1-1f[data-kb-block=\"kb-adv-heading751_eef0f1-1f\"]{font-style:normal;}.wp-block-kadence-advancedheading.kt-adv-heading751_eef0f1-1f mark.kt-highlight, .wp-block-kadence-advancedheading.kt-adv-heading751_eef0f1-1f[data-kb-block=\"kb-adv-heading751_eef0f1-1f\"] mark.kt-highlight{font-style:normal;color:#f76a0c;-webkit-box-decoration-break:clone;box-decoration-break:clone;padding-top:0px;padding-right:0px;padding-bottom:0px;padding-left:0px;}.wp-block-kadence-advancedheading.kt-adv-heading751_eef0f1-1f img.kb-inline-image, .wp-block-kadence-advancedheading.kt-adv-heading751_eef0f1-1f[data-kb-block=\"kb-adv-heading751_eef0f1-1f\"] img.kb-inline-image{width:150px;vertical-align:baseline;}<\/style>\n<p class=\"kt-adv-heading751_eef0f1-1f wp-block-kadence-advancedheading\" data-kb-block=\"kb-adv-heading751_eef0f1-1f\">Apr\u00e8s 3 ann\u00e9es sans renouveler d&rsquo;adh\u00e9sion, nous supprimons toutes vos donn\u00e9es personnelles (nom, pr\u00e9nom, email, t\u00e9l, date de naissance, mot de passe) de notre syst\u00e8me.<\/p>\n<\/div><\/div>\n\n<\/div><\/div>","protected":false},"excerpt":{"rendered":"<p>Mentions l\u00e9gales \u00ab Bordeaux Beach Chillers \u00bb Association \u00e0 but non lucratifClub affili\u00e9 \u00e0 la F\u00e9d\u00e9ration Fran\u00e7aise de Volley BallImmatricul\u00e9e \u00e0 Bordeaux sous le n\u00b0 de SIRET 82194121800017 7, Cours le Rouzic 33000 BORDEAUX+33 6 65 55 88 85 Notre adresse email : Cr\u00e9dits Photos: Merci \u00e0&nbsp;Karim L\u00e9vy&nbsp;et&nbsp;A.M.S. H\u00e9bergement Site internet h\u00e9berg\u00e9 en France par&#8230;<\/p>\n","protected":false},"author":2,"featured_media":0,"parent":0,"menu_order":0,"comment_status":"closed","ping_status":"closed","template":"","meta":{"_kadence_starter_templates_imported_post":false,"_kad_post_transparent":"","_kad_post_title":"","_kad_post_layout":"","_kad_post_sidebar_id":"","_kad_post_content_style":"","_kad_post_vertical_padding":"","_kad_post_feature":"","_kad_post_feature_position":"","_kad_post_header":false,"_kad_post_footer":false,"footnotes":""},"class_list":["post-751","page","type-page","status-publish","hentry"],"_links":{"self":[{"href":"https:\/\/beach-chillers.fr\/wordpress\/index.php?rest_route=\/wp\/v2\/pages\/751","targetHints":{"allow":["GET"]}}],"collection":[{"href":"https:\/\/beach-chillers.fr\/wordpress\/index.php?rest_route=\/wp\/v2\/pages"}],"about":[{"href":"https:\/\/beach-chillers.fr\/wordpress\/index.php?rest_route=\/wp\/v2\/types\/page"}],"author":[{"embeddable":true,"href":"https:\/\/beach-chillers.fr\/wordpress\/index.php?rest_route=\/wp\/v2\/users\/2"}],"replies":[{"embeddable":true,"href":"https:\/\/beach-chillers.fr\/wordpress\/index.php?rest_route=%2Fwp%2Fv2%2Fcomments&post=751"}],"version-history":[{"count":10,"href":"https:\/\/beach-chillers.fr\/wordpress\/index.php?rest_route=\/wp\/v2\/pages\/751\/revisions"}],"predecessor-version":[{"id":1245,"href":"https:\/\/beach-chillers.fr\/wordpress\/index.php?rest_route=\/wp\/v2\/pages\/751\/revisions\/1245"}],"wp:attachment":[{"href":"https:\/\/beach-chillers.fr\/wordpress\/index.php?rest_route=%2Fwp%2Fv2%2Fmedia&parent=751"}],"curies":[{"name":"wp","href":"https:\/\/api.w.org\/{rel}","templated":true}]}}